{"id":6176,"date":"2023-08-18T22:41:29","date_gmt":"2023-08-19T02:41:29","guid":{"rendered":"https:\/\/vitonybakery.com\/?page_id=6176"},"modified":"2025-05-16T08:56:22","modified_gmt":"2025-05-16T12:56:22","slug":"sobre-vitony-bakery","status":"publish","type":"page","link":"https:\/\/vitonybakery.com\/en\/sobre-vitony-bakery\/","title":{"rendered":"About Vitony Bakery"},"content":{"rendered":"<div class=\"brz-root__container brz-reset-all brz brz-root__container-page\">\n<section id=\"_uqwcozhkypecchkrlugbplqbocbwhurcjjsl\" class=\"brz-section brz-css-k05xh5\">\n<div class=\"brz-section__content brz-section--boxed brz-css-18ga7aq brz-css-143aoek\" data-brz-custom-id=\"wfeigblsjxfobrtuaqrgncqazytubxmhktlq\">\n<div class=\"brz-bg\">\n<div class=\"brz-bg-image\"><\/div>\n<div class=\"brz-bg-color\"><\/div>\n<\/div>\n<div class=\"brz-container brz-css-c5y7s4\">\n<div id=\"\" class=\"brz-css-1o5zf2g brz-wrapper\">\n<div class=\"brz-rich-text brz-rich-text__custom brz-css-17ljyvb\" data-brz-custom-id=\"bntmlfaluidlpzkjijnzoemdrxoynoxkasgb\">\n<div data-brz-translate-text=\"1\">\n<p class=\"brz-text-lg-center brz-ls-lg-m_1_5 brz-lh-lg-1_3 brz-tp-lg-empty brz-ff-nunito brz-ft-google brz-fs-lg-60 brz-fss-lg-px brz-fw-lg-600 brz-css-dmYMe\" data-generated-css=\"brz-css-epgad\" data-uniq-id=\"zxyhq\"><span class=\"brz-cp-color8\">Get to know Vitony Bakery<\/span><\/p>\n<\/div>\n<\/div>\n<\/div>\n<\/div>\n<\/div>\n<\/section>\n<section id=\"_cvarnkqnqnaiwdyffdqjewzuodlpequoogyd\" class=\"brz-section brz-css-k05xh5\">\n<div class=\"brz-section__content brz-section--boxed brz-css-18ga7aq brz-css-19llaz0\" data-brz-custom-id=\"birricqeopqrlmaklrnkrrequycxrtmpwyur\">\n<div class=\"brz-container brz-css-c5y7s4\">\n<div class=\"brz-row__container brz-css-u99ok2\" data-brz-custom-id=\"jnyoupcsbsapjhcynvxsuzcgtwjmzioqtgni\">\n<div class=\"brz-bg\"><\/div>\n<div class=\"brz-row brz-css-1d7in33 brz-css-wrmc0m\">\n<div class=\"brz-columns brz-css-9kqvsx\" data-brz-custom-id=\"bygyzlelkdlmjuukkvdlruutxqnhpodzoqza\">\n<div class=\"brz-bg\"><\/div>\n<div class=\"brz-column__items brz-css-1umthq8\">\n<div id=\"\" class=\"brz-css-1o5zf2g brz-wrapper\">\n<div class=\"brz-rich-text brz-rich-text__custom brz-css-17ljyvb\" data-brz-custom-id=\"kaotvefgqwznemebdwlnhzvaqvqoghvwudco\">\n<div data-brz-translate-text=\"1\">\n<p class=\"brz-tp-lg-heading2 brz-css-wTx8b\" data-uniq-id=\"utveb\" data-generated-css=\"brz-css-jtyyw\"><span class=\"brz-cp-color2\">About Vitony Bakery<\/span><\/p>\n<\/div>\n<\/div>\n<\/div>\n<div id=\"\" class=\"brz-css-1o5zf2g brz-css-tkm5ok brz-css-limwbx brz-wrapper\">\n<div class=\"brz-spacer brz-css-1voi9ke brz-css-1tfozzw\"><\/div>\n<\/div>\n<div id=\"\" class=\"brz-css-1o5zf2g brz-css-tkm5ok brz-css-1r497yr brz-wrapper\">\n<div class=\"brz-spacer brz-css-1voi9ke brz-css-1qb6xuk\"><\/div>\n<\/div>\n<div id=\"\" class=\"brz-css-1o5zf2g brz-wrapper\">\n<div class=\"brz-rich-text brz-rich-text__custom brz-css-17ljyvb\" data-brz-custom-id=\"iwkrbakdkmuiwdzqcymnqpthrzxmjqxkgjbx\">\n<div data-brz-translate-text=\"1\">\n<p class=\"brz-tp-lg-paragraph brz-lh-lg-1_7 brz-ls-lg-0 brz-fw-lg-600 brz-fss-lg-px brz-fs-lg-18 brz-ft-google brz-ff-titillium_web brz-css-rZBQ7\" data-uniq-id=\"vfnws\" data-generated-css=\"brz-css-eolgx\">At Vitony, we are much more than a baked goods company. We are a family dedicated to bringing joy to homes of Puerto Rico since 1965. Our history is a legacy that has been passed from generation to generation.<\/p>\n<p class=\"brz-tp-lg-paragraph brz-lh-lg-1_7 brz-ls-lg-0 brz-fw-lg-600 brz-fss-lg-px brz-fs-lg-18 brz-ft-google brz-ff-titillium_web brz-css-fkQjT\" data-uniq-id=\"bsbzl\" data-generated-css=\"brz-css-mvdhe\"><\/p>\n<p class=\"brz-tp-lg-paragraph brz-lh-lg-1_7 brz-ls-lg-0 brz-fw-lg-600 brz-fss-lg-px brz-fs-lg-18 brz-ft-google brz-ff-titillium_web brz-css-pdJW2\" data-uniq-id=\"xcdwv\" data-generated-css=\"brz-css-ddsuc\">Today, we continue to manufacture our products with the teaching of our beloved founder, Mr. Antonio \u201c\u00d1iquito\u201d Hechavarr\u00eda.<\/p>\n<p class=\"brz-tp-lg-paragraph brz-lh-lg-1_7 brz-ls-lg-0 brz-fw-lg-600 brz-fss-lg-px brz-fs-lg-18 brz-ft-google brz-ff-titillium_web brz-css-ou11L\" data-uniq-id=\"yskwy\" data-generated-css=\"brz-css-zesdc\"><\/p>\n<p class=\"brz-tp-lg-paragraph brz-lh-lg-1_7 brz-ls-lg-0 brz-fw-lg-600 brz-fss-lg-px brz-fs-lg-18 brz-ft-google brz-ff-titillium_web brz-css-w6af0\" data-uniq-id=\"sclbv\" data-generated-css=\"brz-css-dnihr\">As a family business, every product that comes out of our ovens carries with it the passion and commitment of our family. We continue to honor the traditional recipes and love of baking that our patriarch instilled in us.<\/p>\n<p class=\"brz-tp-lg-paragraph brz-lh-lg-1_7 brz-ls-lg-0 brz-fw-lg-600 brz-fss-lg-px brz-fs-lg-18 brz-ft-google brz-ff-titillium_web brz-css-jwzti\" data-uniq-id=\"ifvhr\" data-generated-css=\"brz-css-sbvmk\"><\/p>\n<p class=\"brz-tp-lg-paragraph brz-lh-lg-1_7 brz-ls-lg-0 brz-fw-lg-600 brz-fss-lg-px brz-fs-lg-18 brz-ft-google brz-ff-titillium_web brz-css-bvRlZ\" data-uniq-id=\"ylysv\" data-generated-css=\"brz-css-eopne\">We are proud to follow his example and keep alive the essence and quality that has distinguished us for over 55 years. At Vitony Bakery, you will not only find exceptional baked goods, but also our family history present in every bite.<\/p>\n<\/div>\n<\/div>\n<\/div>\n<div id=\"\" class=\"brz-css-1o5zf2g brz-css-tkm5ok brz-css-db1kqh brz-wrapper\">\n<div class=\"brz-spacer brz-css-1voi9ke brz-css-1ftcmnh\"><\/div>\n<\/div>\n<\/div>\n<\/div>\n<div class=\"brz-columns brz-css-9kqvsx brz-css-1y2wvvt\" data-brz-custom-id=\"ntgdpqitencwolahktyvehywwrilzfrpmllr\">\n<div class=\"brz-bg\"><\/div>\n<div class=\"brz-column__items brz-css-1umthq8\">\n<div id=\"\" class=\"brz-css-1o5zf2g brz-wrapper\">\n<div class=\"brz-image brz-css-13ly9zk brz-css-t8no92\" data-brz-custom-id=\"veecrxtpfcppnvzxpestrnuspofzjkbqwuxw\"><img decoding=\"async\" class=\"brz-img\" src=\"https:\/\/vitonybakery.com\/wp-content\/uploads\/brizy\/imgs\/e1d44f88bc7e83648d7f0c718609f6b8-575x575x10x0x555x575x1692412282.jpg\" alt=\"\" loading=\"lazy\"><\/div>\n<\/div>\n<\/div>\n<\/div>\n<\/div>\n<\/div>\n<\/div>\n<\/div>\n<\/section>\n<\/div>\n<p>    <!-- version:1736954448 --><\/p>","protected":false},"excerpt":{"rendered":"<p>Conoce Vitony Bakery Sobre Vitony Bakery En Vitony, somos mucho m\u00e1s que una empresa de productos horneados. Somos una familia dedicada a llevar alegr\u00eda a hogares de Puerto Rico desde 1965. Nuestra historia es un legado que ha pasado de generaci\u00f3n en generaci\u00f3n. Hoy en d\u00eda, continuamos manufacturando nuestros productos con la ense\u00f1anza de nuestro [&hellip;]<\/p>","protected":false},"author":697,"featured_media":0,"parent":0,"menu_order":0,"comment_status":"closed","ping_status":"closed","template":"","meta":{"_seopress_robots_primary_cat":"","_seopress_titles_title":"","_seopress_titles_desc":"","_seopress_robots_index":"","site-sidebar-layout":"default","site-content-layout":"","ast-site-content-layout":"default","site-content-style":"default","site-sidebar-style":"default","ast-global-header-display":"","ast-banner-title-visibility":"","ast-main-header-display":"","ast-hfb-above-header-display":"","ast-hfb-below-header-display":"","ast-hfb-mobile-header-display":"","site-post-title":"","ast-breadcrumbs-content":"","ast-featured-img":"","footer-sml-layout":"","ast-disable-related-posts":"","theme-transparent-header-meta":"","adv-header-id-meta":"","stick-header-meta":"","header-above-stick-meta":"","header-main-stick-meta":"","header-below-stick-meta":"","astra-migrate-meta-layouts":"default","ast-page-background-enabled":"default","ast-page-background-meta":{"desktop":{"background-color":"var(--ast-global-color-4)","background-image":"","background-repeat":"repeat","background-position":"center center","background-size":"auto","background-attachment":"scroll","background-type":"","background-media":"","overlay-type":"","overlay-color":"","overlay-opacity":"","overlay-gradient":""},"tablet":{"background-color":"","background-image":"","background-repeat":"repeat","background-position":"center center","background-size":"auto","background-attachment":"scroll","background-type":"","background-media":"","overlay-type":"","overlay-color":"","overlay-opacity":"","overlay-gradient":""},"mobile":{"background-color":"","background-image":"","background-repeat":"repeat","background-position":"center center","background-size":"auto","background-attachment":"scroll","background-type":"","background-media":"","overlay-type":"","overlay-color":"","overlay-opacity":"","overlay-gradient":""}},"ast-content-background-meta":{"desktop":{"background-color":"var(--ast-global-color-5)","background-image":"","background-repeat":"repeat","background-position":"center center","background-size":"auto","background-attachment":"scroll","background-type":"","background-media":"","overlay-type":"","overlay-color":"","overlay-opacity":"","overlay-gradient":""},"tablet":{"background-color":"var(--ast-global-color-5)","background-image":"","background-repeat":"repeat","background-position":"center center","background-size":"auto","background-attachment":"scroll","background-type":"","background-media":"","overlay-type":"","overlay-color":"","overlay-opacity":"","overlay-gradient":""},"mobile":{"background-color":"var(--ast-global-color-5)","background-image":"","background-repeat":"repeat","background-position":"center center","background-size":"auto","background-attachment":"scroll","background-type":"","background-media":"","overlay-type":"","overlay-color":"","overlay-opacity":"","overlay-gradient":""}},"footnotes":""},"class_list":["post-6176","page","type-page","status-publish","hentry"],"_links":{"self":[{"href":"https:\/\/vitonybakery.com\/en\/wp-json\/wp\/v2\/pages\/6176","targetHints":{"allow":["GET"]}}],"collection":[{"href":"https:\/\/vitonybakery.com\/en\/wp-json\/wp\/v2\/pages"}],"about":[{"href":"https:\/\/vitonybakery.com\/en\/wp-json\/wp\/v2\/types\/page"}],"author":[{"embeddable":true,"href":"https:\/\/vitonybakery.com\/en\/wp-json\/wp\/v2\/users\/697"}],"replies":[{"embeddable":true,"href":"https:\/\/vitonybakery.com\/en\/wp-json\/wp\/v2\/comments?post=6176"}],"version-history":[{"count":0,"href":"https:\/\/vitonybakery.com\/en\/wp-json\/wp\/v2\/pages\/6176\/revisions"}],"wp:attachment":[{"href":"https:\/\/vitonybakery.com\/en\/wp-json\/wp\/v2\/media?parent=6176"}],"curies":[{"name":"wp","href":"https:\/\/api.w.org\/{rel}","templated":true}]}}