{"id":6874,"date":"2024-04-02T18:49:54","date_gmt":"2024-04-02T22:49:54","guid":{"rendered":"https:\/\/vitonybakery.com\/?page_id=6874"},"modified":"2025-05-16T16:43:57","modified_gmt":"2025-05-16T20:43:57","slug":"carrousel","status":"publish","type":"page","link":"https:\/\/vitonybakery.com\/en\/carrousel\/","title":{"rendered":"Carrousel"},"content":{"rendered":"<div class=\"brz-root__container brz-reset-all brz\">\n<section id=\"_vDxhVzNpD62D\" class=\"brz-section brz-css-ycBaD\">\n<div class=\"brz-section__content brz-section--fullWidth brz-css-jIzkg brz-css-qhAGd\" data-brz-custom-id=\"gO5tuOYZgBrt\">\n<div class=\"brz-bg\">\n<div class=\"brz-bg-color\"><\/div>\n<\/div>\n<div class=\"brz-container brz-css-cdIUT brz-css-s88I2\">\n<div class=\"brz-row__container brz-css-r4JWC\" data-brz-custom-id=\"klRe2HT7lV63\">\n<div class=\"brz-bg\"><\/div>\n<div class=\"brz-row brz-css-tQnyx\">\n<div class=\"brz-columns brz-css-dRS__ brz-css-pNX7h\" data-brz-custom-id=\"e8vS4xONLI1K\">\n<div class=\"brz-bg\"><\/div>\n<div class=\"brz-column__items brz-css-rPREj\">\n<div id=\"\" class=\"brz-css-jSnLX brz-wrapper\">\n<div class=\"brz-rich-text brz-rich-text__custom brz-css-v7Ter\" data-brz-custom-id=\"sjmwTkHgYUsy\">\n<div data-brz-translate-text=\"1\">\n<h2 data-generated-css=\"brz-css-ucyTP\" data-uniq-id=\"f3yuP\" class=\"brz-tp-lg-heading2 brz-text-lg-center brz-css-hT8gq\"><strong class=\"brz-cp-color7\">Buy Our Products<\/strong><\/h2>\n<\/div>\n<\/div>\n<\/div>\n<div id=\"\" class=\"brz-css-jSnLX brz-wrapper\">\n<div class=\"brz-image brz-css-hmWYn\" data-brz-custom-id=\"iyZFwhDffp27\"><img decoding=\"async\" class=\"brz-img brz-img-svg\" src=\"https:\/\/vitonybakery.com\/?brizy_media=wp-21e779bba1c585a7925135fa79a0b9d7.svg&amp;brizy_crop=original\" alt=\"\" loading=\"lazy\"><\/div>\n<\/div>\n<div id=\"\" class=\"brz-css-jSnLX brz-wrapper\">\n<div class=\"brz-image brz-css-zt2kT brz-css-pjEgV\" data-brz-custom-id=\"aua8oVAQODlw\"><img decoding=\"async\" class=\"brz-img\" src=\"https:\/\/vitonybakery.com\/wp-content\/uploads\/brizy\/imgs\/hechoenpr-129x129x0x0x129x129x1692412258.png\" alt=\"\" loading=\"lazy\"><\/div>\n<\/div>\n<\/div>\n<\/div>\n<\/div>\n<\/div>\n<div id=\"\" class=\"brz-css-jSnLX brz-wrapper\">\n<div class=\"brz-carousel brz-css-ghoS4\" data-brz-custom-id=\"qpLlDu2z144K\">\n<div class=\"brz-carousel__slider\" data-slides-to-show=\"4\" data-slides-to-scroll=\"1\" data-arrows=\"true\" data-dots=\"true\" data-dots-class=\"brz-slick-slider__dots brz-slick-slider__dots--circle\" data-auto-play=\"true\" data-auto-play-speed=\"3000\" data-swipe=\"true\" data-fade=\"false\" data-transition-speed=\"3.5\" data-responsive=\"%5B%7B%22breakpoint%22%3A991%2C%22settings%22%3A%7B%22slidesToShow%22%3A2%2C%22slidesToScroll%22%3A1%7D%7D%2C%7B%22breakpoint%22%3A767%2C%22settings%22%3A%7B%22slidesToShow%22%3A1%2C%22slidesToScroll%22%3A1%7D%7D%5D\">\n<div class=\"brz-carousel__item\">\n<div class=\"brz-columns brz-css-dRS__ brz-css-mfNuY brz-css-elTb8\" data-brz-custom-id=\"psU2SaAdmmOL\">\n<div class=\"brz-bg\">\n<div class=\"brz-bg-color\"><\/div>\n<\/div>\n<div class=\"brz-column__items brz-css-rPREj brz-css-iG7nt\">\n<div id=\"\" class=\"brz-css-jSnLX brz-css-uhPyq brz-wrapper\">\n<div class=\"brz-image brz-css-pPYaq\" data-brz-custom-id=\"uyoMV3q4GgU_\"><img decoding=\"async\" class=\"brz-img\" src=\"https:\/\/vitonybakery.com\/wp-content\/uploads\/brizy\/imgs\/7d5ed43cd986b6c8e930a49003bcb115-423x338x0x0x423x338x1692412258.webp\" alt=\"\" loading=\"lazy\"><\/div>\n<\/div>\n<div id=\"\" class=\"brz-css-jSnLX brz-css-eP6m6 brz-wrapper\">\n<div class=\"brz-rich-text brz-rich-text__custom brz-css-v7Ter\" data-brz-custom-id=\"nmmNxXcBaEJq\">\n<div data-brz-translate-text=\"1\">\n<h6 class=\"brz-mb-lg-5 brz-tp-lg-heading6 brz-fs-lg-14 brz-ft-google brz-ff-nunito brz-fsft-lg-0 brz-fwdth-lg-100 brz-vfw-lg-400 brz-lh-lg-1_3 brz-ls-lg-0 brz-fw-lg-400 brz-fss-lg-px brz-text-lg-center brz-css-sRCG7\" data-uniq-id=\"iogDX\" data-generated-css=\"brz-css-oSx1d\"><strong class=\"brz-cp-color2\">Roundcakes<\/strong><span class=\"brz-cp-color7\"> <\/span><\/h6>\n<p class=\"brz-fs-lg-14 brz-ft-google brz-ff-nunito brz-tp-lg-empty brz-fsft-lg-0 brz-fwdth-lg-100 brz-vfw-lg-400 brz-lh-lg-1_3 brz-ls-lg-0 brz-fw-lg-400 brz-fss-lg-px brz-text-lg-center brz-mb-lg-35 brz-css-nSxJt\" data-uniq-id=\"rmz3e\" data-generated-css=\"brz-css-kaWOj\"><span class=\"brz-cp-color7\">The definition of perfection in every slice. With their soft and fluffy texture, each bite will transport you to a sweet paradise.<\/span><\/p>\n<\/div>\n<\/div>\n<\/div>\n<div class=\"brz-wrapper-clone brz-css-fI8Od\">\n<div class=\"brz-d-xs-flex brz-flex-xs-wrap brz-css-tsV8v\" data-brz-custom-id=\"\">\n<div class=\"brz-wrapper-clone__item\" id=\"wcHJJEnWRoUs\">\n<div class=\"brz-hover-animation__container\" data-brz-hover-animationid=\"kMP5EUqyx4ir\" data-brz-hover-options=\"%7B%22duration%22:600,%22iterations%22:1%7D\" data-brz-hover-reversible=\"true\" data-brz-hover-target=\"%22firstChild%22\"><a class=\"brz-a brz-btn brz-css-w0i9U brz-css-xIuIJ brz-css-eNM1j\" href=\"\" target=\"_self\" rel=\"noopener\" data-brz-link-type=\"external\" data-brz-custom-id=\"wcHJJEnWRoUs\"><span data-brz-translate-text=\"1\" class=\"brz-span brz-text__editor\">COMPRAR<\/span><\/a><\/div>\n<\/div>\n<\/div>\n<\/div>\n<\/div>\n<\/div>\n<\/div>\n<div class=\"brz-carousel__item\">\n<div class=\"brz-columns brz-css-dRS__ brz-css-mfNuY brz-css-ycv7p\" data-brz-custom-id=\"dgaX6W8BK64W\">\n<div class=\"brz-bg\">\n<div class=\"brz-bg-color\"><\/div>\n<\/div>\n<div class=\"brz-column__items brz-css-rPREj brz-css-fnOH6\">\n<div id=\"\" class=\"brz-css-jSnLX brz-css-cmMZY brz-wrapper\">\n<div class=\"brz-image brz-css-w3Ybe\" data-brz-custom-id=\"h56anDJAgJRH\"><img decoding=\"async\" class=\"brz-img\" src=\"https:\/\/vitonybakery.com\/wp-content\/uploads\/brizy\/imgs\/mallorca-y-chocolate-423x338x0x0x423x338x1692412258.webp\" alt=\"\" loading=\"lazy\"><\/div>\n<\/div>\n<div id=\"\" class=\"brz-css-jSnLX brz-css-fRtmC brz-wrapper\">\n<div class=\"brz-rich-text brz-rich-text__custom brz-css-v7Ter\" data-brz-custom-id=\"nuUxbsGiRpyN\">\n<div data-brz-translate-text=\"1\">\n<h6 class=\"brz-mb-lg-10 brz-tp-lg-heading6 brz-text-lg-center brz-fss-lg-px brz-fw-lg-400 brz-ls-lg-0 brz-lh-lg-1_3 brz-vfw-lg-400 brz-fwdth-lg-100 brz-fsft-lg-0 brz-ff-nunito brz-ft-google brz-fs-lg-14 brz-css-wv6zV\" data-generated-css=\"brz-css-r6w8O\" data-uniq-id=\"emzgn\"><strong class=\"brz-cp-color2\">Sweet Bread<\/strong><\/h6>\n<p class=\"brz-text-lg-center brz-fss-lg-px brz-fw-lg-400 brz-ls-lg-0 brz-lh-lg-1_3 brz-vfw-lg-400 brz-fwdth-lg-100 brz-fsft-lg-0 brz-tp-lg-empty brz-ff-nunito brz-ft-google brz-fs-lg-14 brz-mb-lg-10 brz-css-rXrD1\" data-generated-css=\"brz-css-cq1qD\" data-uniq-id=\"hU6qy\"><span class=\"brz-cp-color7\">Immerse yourself in the authentic flavor of Puerto Rico with our mallorcas. Enjoy them toasted and served with butter or even as a base for your favorite sandwich. <\/span><\/p>\n<\/div>\n<\/div>\n<\/div>\n<div class=\"brz-wrapper-clone brz-css-fI8Od\">\n<div class=\"brz-d-xs-flex brz-flex-xs-wrap brz-css-tsV8v\" data-brz-custom-id=\"\">\n<div class=\"brz-wrapper-clone__item\" id=\"c0FOLZ9Excw6\">\n<div class=\"brz-hover-animation__container\" data-brz-hover-animationid=\"eSIBucU9aohf\" data-brz-hover-options=\"%7B%22duration%22:600,%22iterations%22:1%7D\" data-brz-hover-reversible=\"true\" data-brz-hover-target=\"%22firstChild%22\"><a class=\"brz-a brz-btn brz-css-w0i9U brz-css-xIuIJ brz-css-bXVLw\" href=\"https:\/\/vitonybakery.com\/en\/product-category\/bizcochos-redondos\/\" target=\"_self\" rel=\"noopener\" data-brz-link-type=\"external\" data-brz-custom-id=\"c0FOLZ9Excw6\"><span data-brz-translate-text=\"1\" class=\"brz-span brz-text__editor\">COMPRAR<\/span><\/a><\/div>\n<\/div>\n<\/div>\n<\/div>\n<\/div>\n<\/div>\n<\/div>\n<div class=\"brz-carousel__item\">\n<div class=\"brz-columns brz-css-dRS__ brz-css-mfNuY brz-css-xwIcb\" data-brz-custom-id=\"aLpc_LppDk6u\">\n<div class=\"brz-bg\">\n<div class=\"brz-bg-color\"><\/div>\n<\/div>\n<div class=\"brz-column__items brz-css-rPREj brz-css-ys5c2\">\n<div id=\"\" class=\"brz-css-jSnLX brz-css-b5Y47 brz-wrapper\">\n<div class=\"brz-image brz-css-arotz\" data-brz-custom-id=\"wBwQSvaPiEGl\"><img decoding=\"async\" class=\"brz-img\" src=\"https:\/\/vitonybakery.com\/wp-content\/uploads\/brizy\/imgs\/c9c5f478272288454a3bade1b9ee3696-423x338x0x0x423x338x1689480283.jpg\" alt=\"\" loading=\"lazy\"><\/div>\n<\/div>\n<div id=\"\" class=\"brz-css-jSnLX brz-css-xq81n brz-wrapper\">\n<div class=\"brz-rich-text brz-rich-text__custom brz-css-v7Ter\" data-brz-custom-id=\"uU2apNqYtW8Q\">\n<div data-brz-translate-text=\"1\">\n<h6 class=\"brz-mb-lg-10 brz-tp-lg-heading6 brz-fs-lg-14 brz-text-lg-center brz-ff-nunito brz-ft-google brz-fss-lg-px brz-fw-lg-400 brz-ls-lg-0 brz-lh-lg-1_3 brz-vfw-lg-400 brz-fwdth-lg-100 brz-fsft-lg-0 brz-css-kKXIN\" data-uniq-id=\"ltbjA\" data-generated-css=\"brz-css-yRY3_\"><strong class=\"brz-cp-color2\">Snacks<\/strong><span class=\"brz-cp-color2\"> <\/span><\/h6>\n<p class=\"brz-fs-lg-14 brz-text-lg-center brz-tp-lg-empty brz-ff-nunito brz-ft-google brz-fss-lg-px brz-fw-lg-400 brz-ls-lg-0 brz-lh-lg-1_3 brz-vfw-lg-400 brz-fwdth-lg-100 brz-fsft-lg-0 brz-mb-lg-24 brz-css-psQxZ\" data-uniq-id=\"igE3X\" data-generated-css=\"brz-css-t5R40\"><span class=\"brz-cp-color7\">The perfect snack for any time of the day. They are a versatile and delicious option to satisfy your cravings. It will be hard to choose your favorite.<\/span><\/p>\n<\/div>\n<\/div>\n<\/div>\n<div class=\"brz-wrapper-clone brz-css-fI8Od\">\n<div class=\"brz-d-xs-flex brz-flex-xs-wrap brz-css-tsV8v\" data-brz-custom-id=\"\">\n<div class=\"brz-wrapper-clone__item\" id=\"cH8uPbvNRJKo\">\n<div class=\"brz-hover-animation__container\" data-brz-hover-animationid=\"unch3f_JPug0\" data-brz-hover-options=\"%7B%22duration%22:600,%22iterations%22:1%7D\" data-brz-hover-reversible=\"true\" data-brz-hover-target=\"%22firstChild%22\"><a class=\"brz-a brz-btn brz-css-w0i9U brz-css-xIuIJ brz-css-wXZ41\" href=\"https:\/\/vitonybakery.com\/en\/product-category\/mallorcas\/\" target=\"_self\" rel=\"noopener\" data-brz-link-type=\"external\" data-brz-custom-id=\"cH8uPbvNRJKo\"><span data-brz-translate-text=\"1\" class=\"brz-span brz-text__editor\">COMPRAR<\/span><\/a><\/div>\n<\/div>\n<\/div>\n<\/div>\n<\/div>\n<\/div>\n<\/div>\n<div class=\"brz-carousel__item\">\n<div class=\"brz-columns brz-css-dRS__ brz-css-mfNuY brz-css-l2q5V\" data-brz-custom-id=\"xtaEgEEmM42D\">\n<div class=\"brz-bg\">\n<div class=\"brz-bg-color\"><\/div>\n<\/div>\n<div class=\"brz-column__items brz-css-rPREj brz-css-g6XCi\">\n<div id=\"\" class=\"brz-css-jSnLX brz-css-nSzOS brz-wrapper\">\n<div class=\"brz-image brz-css-yJN7z\" data-brz-custom-id=\"pQIkxpQgMlhS\"><img decoding=\"async\" class=\"brz-img\" src=\"https:\/\/vitonybakery.com\/wp-content\/uploads\/brizy\/imgs\/brazo-gitano-423x423x0x42x423x338x1692412259.webp\" alt=\"\" loading=\"lazy\"><\/div>\n<\/div>\n<div id=\"\" class=\"brz-css-jSnLX brz-css-vzunB brz-wrapper\">\n<div class=\"brz-rich-text brz-rich-text__custom brz-css-v7Ter\" data-brz-custom-id=\"uOUiYW6Epyng\">\n<div data-brz-translate-text=\"1\">\n<p class=\"brz-mt-lg-5 brz-text-xs-center brz-mt-xs-10 brz-text-sm-center brz-mb-xs-10 brz-tp-lg-heading6 brz-mb-lg-5 brz-text-lg-center brz-ff-nunito brz-ft-google brz-fs-lg-14 brz-fss-lg-px brz-fw-lg-400 brz-ls-lg-0 brz-lh-lg-1_3 brz-vfw-lg-400 brz-fwdth-lg-100 brz-fsft-lg-0 brz-css-pdW1F\" data-generated-css=\"brz-css-yMcB4\" data-uniq-id=\"vd7Gj\"><strong class=\"brz-cp-color2\">Brazo Gitano (Swiss Rolls)<\/strong><\/p>\n<p class=\"brz-text-lg-center brz-mb-xs-5 brz-tp-lg-empty brz-ff-nunito brz-ft-google brz-fs-lg-14 brz-fss-lg-px brz-fw-lg-400 brz-ls-lg-0 brz-lh-lg-1_3 brz-vfw-lg-400 brz-fwdth-lg-100 brz-fsft-lg-0 brz-mb-lg-5 brz-css-hoCSE\" data-generated-css=\"brz-css-vDSG6\" data-uniq-id=\"fzrC4\"><span class=\"brz-cp-color7\">Discover the elegance and sophisticated taste of our Jelly Roll Cake. Each cut reveals an exquisite presentation and a flavor that will leave you wanting more.<\/span><\/p>\n<\/div>\n<\/div>\n<\/div>\n<div class=\"brz-wrapper-clone brz-css-fI8Od\">\n<div class=\"brz-d-xs-flex brz-flex-xs-wrap brz-css-tsV8v\" data-brz-custom-id=\"\">\n<div class=\"brz-wrapper-clone__item\" id=\"f2H4qbpOqR6u\">\n<div class=\"brz-hover-animation__container\" data-brz-hover-animationid=\"rmtNzox8ueUt\" data-brz-hover-options=\"%7B%22duration%22:600,%22iterations%22:1%7D\" data-brz-hover-reversible=\"true\" data-brz-hover-target=\"%22firstChild%22\"><a class=\"brz-a brz-btn brz-css-w0i9U brz-css-xIuIJ brz-css-naPQQ\" href=\"https:\/\/vitonybakery.com\/en\/product-category\/brazo-gitano\/\" target=\"_self\" rel=\"noopener\" data-brz-link-type=\"external\" data-brz-custom-id=\"f2H4qbpOqR6u\"><span data-brz-translate-text=\"1\" class=\"brz-span brz-text__editor\">COMPRAR<\/span><\/a><\/div>\n<\/div>\n<\/div>\n<\/div>\n<\/div>\n<\/div>\n<\/div>\n<div class=\"brz-carousel__item\">\n<div class=\"brz-columns brz-css-dRS__ brz-css-mfNuY brz-css-euXRT\" data-brz-custom-id=\"s12G6iyuxe3R\">\n<div class=\"brz-bg\">\n<div class=\"brz-bg-color\"><\/div>\n<\/div>\n<div class=\"brz-column__items brz-css-rPREj brz-css-hkTzd\">\n<div id=\"\" class=\"brz-css-jSnLX brz-css-mnv07 brz-wrapper\">\n<div class=\"brz-image brz-css-fch3l\" data-brz-custom-id=\"pWH2MKX_AYVo\"><img decoding=\"async\" class=\"brz-img\" src=\"https:\/\/vitonybakery.com\/wp-content\/uploads\/brizy\/imgs\/0a581fb6570833784f65a297271ba470-423x338x0x0x423x338x1689480283.jpg\" alt=\"\" loading=\"lazy\"><\/div>\n<\/div>\n<div id=\"\" class=\"brz-css-jSnLX brz-css-oegAJ brz-wrapper\">\n<div class=\"brz-rich-text brz-rich-text__custom brz-css-v7Ter\" data-brz-custom-id=\"vA3nbHcOFIf6\">\n<div data-brz-translate-text=\"1\">\n<h6 class=\"brz-text-lg-center brz-ff-nunito brz-ft-google brz-fs-lg-14 brz-fss-lg-px brz-fw-lg-400 brz-ls-lg-0 brz-lh-lg-1_3 brz-vfw-lg-400 brz-fwdth-lg-100 brz-fsft-lg-0 brz-tp-lg-heading6 brz-mb-lg-10 brz-css-ez7Xt\" data-uniq-id=\"cNyHL\" data-generated-css=\"brz-css-b70AO\"><strong class=\"brz-cp-color2\">Bundles<\/strong><\/h6>\n<p class=\"brz-text-lg-center brz-tp-lg-empty brz-ff-nunito brz-ft-google brz-fs-lg-14 brz-fss-lg-px brz-fw-lg-400 brz-ls-lg-0 brz-lh-lg-1_3 brz-vfw-lg-400 brz-fwdth-lg-100 brz-fsft-lg-0 brz-css-xpuNU\" data-uniq-id=\"wMxGX\" data-generated-css=\"brz-css-nawe3\"><span class=\"brz-cp-color7\">Discover the variety and enjoy a complete experience with Vitony! Our assortment packs offer you the opportunity to try a selection of our most popular products in a single package.<\/span><\/p>\n<\/div>\n<\/div>\n<\/div>\n<div class=\"brz-wrapper-clone brz-css-fI8Od\">\n<div class=\"brz-d-xs-flex brz-flex-xs-wrap brz-css-tsV8v\" data-brz-custom-id=\"\">\n<div class=\"brz-wrapper-clone__item\" id=\"yyDKgYaG55Bn\">\n<div class=\"brz-hover-animation__container\" data-brz-hover-animationid=\"jfwXguDhBwS8\" data-brz-hover-options=\"%7B%22duration%22:600,%22iterations%22:1%7D\" data-brz-hover-reversible=\"true\" data-brz-hover-target=\"%22firstChild%22\"><a class=\"brz-a brz-btn brz-css-w0i9U brz-css-xIuIJ brz-css-faAsI\" href=\"https:\/\/vitonybakery.com\/en\/product-category\/envios\/\" target=\"_self\" rel=\"noopener\" data-brz-link-type=\"external\" data-brz-custom-id=\"yyDKgYaG55Bn\"><span data-brz-translate-text=\"1\" class=\"brz-span brz-text__editor\">COMPRAR<\/span><\/a><\/div>\n<\/div>\n<\/div>\n<\/div>\n<\/div>\n<\/div>\n<\/div>\n<\/div>\n<\/div>\n<\/div>\n<\/div>\n<\/div>\n<\/section>\n<\/div>\n<p>    <!-- version:1732057385 --><\/p>","protected":false},"excerpt":{"rendered":"<p>Compra Nuestros Productos Bizcochos Redondos La definici\u00f3n de perfecci\u00f3n en cada rebanada. Con su textura suave y esponjosa, cada bocado te transportar\u00e1 a un para\u00edso dulce. COMPRAR Mallorcas Sum\u00e9rgete en el sabor aut\u00e9ntico de Puerto Rico con nuestras mallorcas. Disfr\u00fatalas tostadas y acompa\u00f1adas de mantequilla como base para tu s\u00e1ndwich favorito. COMPRAR Meriendas La merienda [&hellip;]<\/p>","protected":false},"author":697,"featured_media":0,"parent":0,"menu_order":0,"comment_status":"closed","ping_status":"closed","template":"brizy-blank-template.php","meta":{"_seopress_robots_primary_cat":"","_seopress_titles_title":"","_seopress_titles_desc":"","_seopress_robots_index":"","site-sidebar-layout":"default","site-content-layout":"","ast-site-content-layout":"default","site-content-style":"default","site-sidebar-style":"default","ast-global-header-display":"","ast-banner-title-visibility":"","ast-main-header-display":"","ast-hfb-above-header-display":"","ast-hfb-below-header-display":"","ast-hfb-mobile-header-display":"","site-post-title":"","ast-breadcrumbs-content":"","ast-featured-img":"","footer-sml-layout":"","ast-disable-related-posts":"","theme-transparent-header-meta":"","adv-header-id-meta":"","stick-header-meta":"","header-above-stick-meta":"","header-main-stick-meta":"","header-below-stick-meta":"","astra-migrate-meta-layouts":"set","ast-page-background-enabled":"default","ast-page-background-meta":{"desktop":{"background-color":"var(--ast-global-color-4)","background-image":"","background-repeat":"repeat","background-position":"center center","background-size":"auto","background-attachment":"scroll","background-type":"","background-media":"","overlay-type":"","overlay-color":"","overlay-opacity":"","overlay-gradient":""},"tablet":{"background-color":"","background-image":"","background-repeat":"repeat","background-position":"center center","background-size":"auto","background-attachment":"scroll","background-type":"","background-media":"","overlay-type":"","overlay-color":"","overlay-opacity":"","overlay-gradient":""},"mobile":{"background-color":"","background-image":"","background-repeat":"repeat","background-position":"center center","background-size":"auto","background-attachment":"scroll","background-type":"","background-media":"","overlay-type":"","overlay-color":"","overlay-opacity":"","overlay-gradient":""}},"ast-content-background-meta":{"desktop":{"background-color":"var(--ast-global-color-5)","background-image":"","background-repeat":"repeat","background-position":"center center","background-size":"auto","background-attachment":"scroll","background-type":"","background-media":"","overlay-type":"","overlay-color":"","overlay-opacity":"","overlay-gradient":""},"tablet":{"background-color":"var(--ast-global-color-5)","background-image":"","background-repeat":"repeat","background-position":"center center","background-size":"auto","background-attachment":"scroll","background-type":"","background-media":"","overlay-type":"","overlay-color":"","overlay-opacity":"","overlay-gradient":""},"mobile":{"background-color":"var(--ast-global-color-5)","background-image":"","background-repeat":"repeat","background-position":"center center","background-size":"auto","background-attachment":"scroll","background-type":"","background-media":"","overlay-type":"","overlay-color":"","overlay-opacity":"","overlay-gradient":""}},"footnotes":""},"class_list":["post-6874","page","type-page","status-publish","hentry"],"_links":{"self":[{"href":"https:\/\/vitonybakery.com\/en\/wp-json\/wp\/v2\/pages\/6874","targetHints":{"allow":["GET"]}}],"collection":[{"href":"https:\/\/vitonybakery.com\/en\/wp-json\/wp\/v2\/pages"}],"about":[{"href":"https:\/\/vitonybakery.com\/en\/wp-json\/wp\/v2\/types\/page"}],"author":[{"embeddable":true,"href":"https:\/\/vitonybakery.com\/en\/wp-json\/wp\/v2\/users\/697"}],"replies":[{"embeddable":true,"href":"https:\/\/vitonybakery.com\/en\/wp-json\/wp\/v2\/comments?post=6874"}],"version-history":[{"count":0,"href":"https:\/\/vitonybakery.com\/en\/wp-json\/wp\/v2\/pages\/6874\/revisions"}],"wp:attachment":[{"href":"https:\/\/vitonybakery.com\/en\/wp-json\/wp\/v2\/media?parent=6874"}],"curies":[{"name":"wp","href":"https:\/\/api.w.org\/{rel}","templated":true}]}}